{"id":37242,"date":"2026-04-22T15:51:53","date_gmt":"2026-04-22T13:51:53","guid":{"rendered":"https:\/\/antykwariat-polski.pl\/produkt\/czeslaw-milosz-czlowiek-wsrod-skorpionow-2000\/"},"modified":"2026-04-22T15:51:53","modified_gmt":"2026-04-22T13:51:53","slug":"czeslaw-milosz-czlowiek-wsrod-skorpionow-2000","status":"publish","type":"product","link":"https:\/\/antykwariat-polski.pl\/en\/produkt\/czeslaw-milosz-czlowiek-wsrod-skorpionow-2000\/","title":{"rendered":"CZES\u0141AW MI\u0141OSZ: A MAN AMONG SCORPIONS [2000]."},"content":{"rendered":"<p class=\"ds-markdown-paragraph\">We present the edition of &#8220;Man Among Scorpions&#8221; by Czeslaw Milosz (1911-2004) &#8211; poet, prose writer, essayist, winner of the Nobel Prize in Literature (1980), one of the most outstanding and influential Polish intellectuals of the 20th century. The publication was released in 2000 in Krakow by Znak Publishing House as part of the prestigious series &#8220;Collected Works of Czeslaw Milosz.&#8221; <\/p>\n<p class=\"ds-markdown-paragraph\">&#8220;Man Among Scorpions&#8221; is an essay on the life and work of Stanislaw Brzozowski (1878-1911) &#8211; an outstanding philosopher, writer and publicist . The book, the fruit of Milosz&#8217;s long-standing fascination with Brzozowski, was written in 1961 in Berkeley, California, and was written on the 50th anniversary of the philosopher&#8217;s death . A large part of it is filled with excerpts from Brzozowski&#8217;s books, made in 1959 at the Polish Library on the island of Saint Louis in Paris. It was first published in 1962 by the Paris Literary Institute as the 77th volume of the legendary &#8220;Library of &#8220;Culture&#8221;&#8221; .     <\/p>\n<p class=\"ds-markdown-paragraph\">Milosz thoroughly discusses Brzozowski&#8217;s philosophy and the reception of his work, and confronts Brzozowski&#8217;s thought with philosophical systems outside his home era (Jean-Paul Sartre, Boris Pasternak, Henri Lefebvre, Gy\u00f6rgy Luk\u00e1cs, Andr\u00e9 Malraux, Simone Weil) to expose the originality, momentousness and prophetic nature of his analyses. The author devotes an extensive chapter to the so-called &#8220;Brzozowski affair&#8221; (the writer&#8217;s unfounded accusation of collaboration with the Tsarist Okhrana), which resembles the &#8220;Milosz affair&#8221; &#8211; his own drama of breaking with the government in Warsaw in 1951 and the fierce campaign against him in the pages of the London press.  <\/p>\n<p class=\"ds-markdown-paragraph\">As Mi\u0142osz himself admitted in &#8220;A Footnote After Years&#8221; (2000), when he gave the book its title, he identified himself with &#8220;a Florentine loner flitting among venomous suspicions.&#8221; The book on Brzozowski turns out to be, in a sense, a camouflaged confession by Milosz himself, the most profound testimony to which is the convergence of the problems, themes and motifs he extracts from Brzozowski&#8217;s writings with those in his work. As he himself stated, his main goal was to rebuke &#8220;the proper stature of the wronged writer&#8221; .  <\/p>\n<p class=\"ds-markdown-paragraph\">It is part of the prestigious &#8220;Collected Works&#8221; series &#8211; the most complete edition of Milosz&#8217;s works, covering his poetry, prose, essays and translations. The 2000 edition is the first official domestic edition of this book as part of the Collected Works (the first domestic edition in official circulation was published in 1982 by PIW, after years of second circulation in 1981). The copy is clean and preserved in very good condition. It is a must-have for a collector of Milosz&#8217;s works, an admirer of his essays and a bibliophile looking for a representative edition of one of the Nobel Prize winner&#8217;s most important critical-literary books.   <\/p>\n<p>15103&#215;6-21-AX<\/p>\n","protected":false},"excerpt":{"rendered":"<p>Krak\u00f3w 2000, Znak Publishing House (Czes\u0142aw Mi\u0142osz Collected Works series). 222 s. 21 cm.   Published as part of the collected works. A clean copy. Bibliophilic binding made by hand in the bindery of the Polish Antykwariat.<\/p>\n<p class=\"ds-markdown-paragraph\">\n<p>15103&#215;6-21-AX<\/p>\n","protected":false},"featured_media":37231,"comment_status":"open","ping_status":"closed","template":"","meta":{"_kadence_starter_templates_imported_post":false,"_kad_post_transparent":"","_kad_post_title":"","_kad_post_layout":"","_kad_post_sidebar_id":"","_kad_post_content_style":"","_kad_post_vertical_padding":"","_kad_post_feature":"","_kad_post_feature_position":"","_kad_post_header":false,"_kad_post_footer":false,"_kad_post_classname":""},"product_brand":[],"product_cat":[689,827,218],"product_tag":[1758,3685,2776,1475,2111,567,2775,3693,3684,3695,1197,433,506,3694],"class_list":{"0":"post-37242","1":"product","2":"type-product","3":"status-publish","4":"has-post-thumbnail","6":"product_cat-collectible-books","7":"product_cat-gift-shop-en","8":"product_cat-polish-literature","9":"product_tag-bibliophilism","10":"product_tag-collected-works","11":"product_tag-cultural-library","12":"product_tag-czeslaw-milosz","13":"product_tag-essay","14":"product_tag-leather-binding-en","15":"product_tag-literary-institute","16":"product_tag-man-among-scorpions","17":"product_tag-nobel-1980","18":"product_tag-paris-1962","19":"product_tag-philosophy","20":"product_tag-polish-literature","21":"product_tag-sign","22":"product_tag-stanislaw-brzozowski","24":"first","25":"instock","26":"sold-individually","27":"taxable","28":"shipping-taxable","29":"purchasable","30":"product-type-simple","31":"entry","32":"content-bg","33":"loop-entry"},"_links":{"self":[{"href":"https:\/\/antykwariat-polski.pl\/en\/wp-json\/wp\/v2\/product\/37242","targetHints":{"allow":["GET"]}}],"collection":[{"href":"https:\/\/antykwariat-polski.pl\/en\/wp-json\/wp\/v2\/product"}],"about":[{"href":"https:\/\/antykwariat-polski.pl\/en\/wp-json\/wp\/v2\/types\/product"}],"replies":[{"embeddable":true,"href":"https:\/\/antykwariat-polski.pl\/en\/wp-json\/wp\/v2\/comments?post=37242"}],"wp:featuredmedia":[{"embeddable":true,"href":"https:\/\/antykwariat-polski.pl\/en\/wp-json\/wp\/v2\/media\/37231"}],"wp:attachment":[{"href":"https:\/\/antykwariat-polski.pl\/en\/wp-json\/wp\/v2\/media?parent=37242"}],"wp:term":[{"taxonomy":"product_brand","embeddable":true,"href":"https:\/\/antykwariat-polski.pl\/en\/wp-json\/wp\/v2\/product_brand?post=37242"},{"taxonomy":"product_cat","embeddable":true,"href":"https:\/\/antykwariat-polski.pl\/en\/wp-json\/wp\/v2\/product_cat?post=37242"},{"taxonomy":"product_tag","embeddable":true,"href":"https:\/\/antykwariat-polski.pl\/en\/wp-json\/wp\/v2\/product_tag?post=37242"}],"curies":[{"name":"wp","href":"https:\/\/api.w.org\/{rel}","templated":true}]}}