{"id":36454,"date":"2026-04-08T13:23:14","date_gmt":"2026-04-08T11:23:14","guid":{"rendered":"https:\/\/antykwariat-polski.pl\/produkt\/stefan-zeromski-uroda-zycia-tom-i-ii-w-1-wol-1912\/"},"modified":"2026-04-08T13:24:53","modified_gmt":"2026-04-08T11:24:53","slug":"stefan-zeromski-uroda-zycia-tom-i-ii-w-1-wol-1912","status":"publish","type":"product","link":"https:\/\/antykwariat-polski.pl\/en\/produkt\/stefan-zeromski-uroda-zycia-tom-i-ii-w-1-wol-1912\/","title":{"rendered":"STEFAN \u017bEROMSKI: THE BEAUTY OF LIFE. VOLUME I-II IN 1 VOL. [1912]"},"content":{"rendered":"<p class=\"ds-markdown-paragraph\">This is the first edition of one of the most important psychological and moral novels by Stefan Zeromski (1864-1925), published in 1912 by the Krak\u00f3w-based &#8220;Ksi\u0105\u017cka&#8221; publishing company. It was a book that, due to its patriotic and anti-Tsarist message, could only be published outside the reach of Russian censorship, in autonomous Galicia. <\/p>\n<p class=\"ds-markdown-paragraph\">The work depicts the fate of Piotr Rozlucki &#8211; a Russian army officer raised in the spirit of loyalty to the Tsar, who after discovering the tragic story of his father &#8211; a January uprising insurgent killed by the Russians &#8211; begins to question his previous values and feel deep moral and national dilemmas. \u017beromski shows his transformation of consciousness, the conflict between personal happiness (love for the beautiful Russian woman Tatiana) and duty to the nation, as well as the difficult life choices facing the protagonist . The novel combines an interesting historical and social background with a deep insight into the psyche of the protagonist and his struggle for the meaning of life and identity &#8211; this motif becomes the axis of the narrative on which \u017beromski builds a rich panorama of human dilemmas and values.  <\/p>\n<p>2167-20-BW<\/p>\n","protected":false},"excerpt":{"rendered":"<p>Krak\u00f3w 1912<\/p>\n<p>Sp\u00f3\u0142ka Nak\u0142adowa &#8220;Ksi\u0105\u017cka&#8221; (People&#8217;s Printing House).<\/p>\n<p>256 p, 20 cm.<\/p>\n<p>Bibliophilic binding of the Polish Antiquarian.<\/p>\n<p>&nbsp;<\/p>\n<p>&nbsp;<\/p>\n","protected":false},"featured_media":36453,"comment_status":"open","ping_status":"closed","template":"","meta":{"_kadence_starter_templates_imported_post":false,"_kad_post_transparent":"","_kad_post_title":"","_kad_post_layout":"","_kad_post_sidebar_id":"","_kad_post_content_style":"","_kad_post_vertical_padding":"","_kad_post_feature":"","_kad_post_feature_position":"","_kad_post_header":false,"_kad_post_footer":false,"_kad_post_classname":""},"product_brand":[],"product_cat":[689,218],"product_tag":[3013,3012,427,3015,2438,2031,567,1623,3014,3011,3009,3010,284],"class_list":{"0":"post-36454","1":"product","2":"type-product","3":"status-publish","4":"has-post-thumbnail","6":"product_cat-collectible-books","7":"product_cat-polish-literature","8":"product_tag-anti-tsarist-literature","9":"product_tag-book-publishing-company","10":"product_tag-first-edition","11":"product_tag-generation-conflict","12":"product_tag-january-uprising","13":"product_tag-krakow","14":"product_tag-leather-binding-en","15":"product_tag-national-identity","16":"product_tag-piotr-rozlucki","17":"product_tag-polish-novel","18":"product_tag-stefan-zeromski","19":"product_tag-the-beauty-of-life","20":"product_tag-young-poland","22":"first","23":"instock","24":"sold-individually","25":"taxable","26":"shipping-taxable","27":"purchasable","28":"product-type-simple","29":"entry","30":"content-bg","31":"loop-entry"},"_links":{"self":[{"href":"https:\/\/antykwariat-polski.pl\/en\/wp-json\/wp\/v2\/product\/36454","targetHints":{"allow":["GET"]}}],"collection":[{"href":"https:\/\/antykwariat-polski.pl\/en\/wp-json\/wp\/v2\/product"}],"about":[{"href":"https:\/\/antykwariat-polski.pl\/en\/wp-json\/wp\/v2\/types\/product"}],"replies":[{"embeddable":true,"href":"https:\/\/antykwariat-polski.pl\/en\/wp-json\/wp\/v2\/comments?post=36454"}],"wp:featuredmedia":[{"embeddable":true,"href":"https:\/\/antykwariat-polski.pl\/en\/wp-json\/wp\/v2\/media\/36453"}],"wp:attachment":[{"href":"https:\/\/antykwariat-polski.pl\/en\/wp-json\/wp\/v2\/media?parent=36454"}],"wp:term":[{"taxonomy":"product_brand","embeddable":true,"href":"https:\/\/antykwariat-polski.pl\/en\/wp-json\/wp\/v2\/product_brand?post=36454"},{"taxonomy":"product_cat","embeddable":true,"href":"https:\/\/antykwariat-polski.pl\/en\/wp-json\/wp\/v2\/product_cat?post=36454"},{"taxonomy":"product_tag","embeddable":true,"href":"https:\/\/antykwariat-polski.pl\/en\/wp-json\/wp\/v2\/product_tag?post=36454"}],"curies":[{"name":"wp","href":"https:\/\/api.w.org\/{rel}","templated":true}]}}