{"id":36433,"date":"2026-04-08T13:12:12","date_gmt":"2026-04-08T11:12:12","guid":{"rendered":"https:\/\/antykwariat-polski.pl\/produkt\/julian-kolaczkowski-wiadomosci-tyczace-sie-przemyslu-i-sztuki-w-dawnej-polsce-1905\/"},"modified":"2026-04-08T13:12:12","modified_gmt":"2026-04-08T11:12:12","slug":"julian-kolaczkowski-wiadomosci-tyczace-sie-przemyslu-i-sztuki-w-dawnej-polsce-1905","status":"publish","type":"product","link":"https:\/\/antykwariat-polski.pl\/en\/produkt\/julian-kolaczkowski-wiadomosci-tyczace-sie-przemyslu-i-sztuki-w-dawnej-polsce-1905\/","title":{"rendered":"JULIAN KO\u0141ACZKOWSKI: NEWS TYCZ\u0104CE SI\u0118 PRZEMYS\u0141U I SZTUKI W DAWNEJ POLSCE [1905]."},"content":{"rendered":"<p class=\"ds-markdown-paragraph\">This is the &#8220;renewed edition&#8221; (second) of the monumental encyclopedia of Polish industry and handicrafts, authored by Julian Ko\u0142aczkowski (1825-1906) &#8211; engineer, historian of technology and pioneer of Polish industrial museology . The publication was published in 1905 in Lviv by the Gubrynowicz and Schmidt bookstore. <\/p>\n<p class=\"ds-markdown-paragraph\">The work is a compendium of knowledge about old crafts, manufactures and factories in the Polish lands, arranged in alphabetical order. It contains about 330 entries, describing, among others: pharmacies, weapons, printing houses, carpets, faience, musical and surgical instruments, jewelry making, playing cards, carpets, lithography, farm machinery, medallions, mills, ships, perfumes, wigs, brewing, porcelain, carriages, engraving, samovars, glass, snuff, tobacco, cold cuts, children&#8217;s toys, clocks, watches and iron . Drawing on archival sources, the literature on the subject and his own field research, Ko\u0142aczkowski showed the richness and high artistic and technical level of Polish craftsmanship over the centuries.<\/p>\n<p class=\"ds-markdown-paragraph\">&#8220;News&#8230;&#8221; are to this day an invaluable source of knowledge for historians of art, technology, the economy, as well as for museologists, historic preservationists and all those interested in the history of Polish manufacturing. The publication, issued on the eve of Poland&#8217;s regaining independence, was an important voice in the discussion of Polish industrial and artistic heritage and the need to document and protect it. <\/p>\n<p>1225-22-AZ<\/p>\n","protected":false},"excerpt":{"rendered":"<p>Lviv 1905<\/p>\n<p>Nak\u0142adem Gubrynowicza i Schmidt (Drukarnia W\u0142adys\u0142aw \u0141ozi\u0144ski).<\/p>\n<p>774 p, 22 cm.<\/p>\n<p>Bibliophilic binding made by hand in the bindery of the Polish Antiquary.<\/p>\n<p>1225-22-AZ<\/p>\n","protected":false},"featured_media":36419,"comment_status":"open","ping_status":"closed","template":"","meta":{"_kadence_starter_templates_imported_post":false,"_kad_post_transparent":"","_kad_post_title":"","_kad_post_layout":"","_kad_post_sidebar_id":"","_kad_post_content_style":"","_kad_post_vertical_padding":"","_kad_post_feature":"","_kad_post_feature_position":"","_kad_post_header":false,"_kad_post_footer":false,"_kad_post_classname":""},"product_brand":[],"product_cat":[689,215],"product_tag":[2141,3001,2987,3007,3002,1805,2971,3008,3000,281,3004,3005,3006,3003],"class_list":{"0":"post-36433","1":"product","2":"type-product","3":"status-publish","4":"has-post-thumbnail","6":"product_cat-collectible-books","7":"product_cat-encyclopedias-and-dictionaries","8":"product_tag-arts-and-crafts","9":"product_tag-encyclopedia","10":"product_tag-galicia","11":"product_tag-glass","12":"product_tag-gubrynowicz-and-schmidt","13":"product_tag-history-of-technology","14":"product_tag-industrial-history","15":"product_tag-jewelry","16":"product_tag-julian-kolaczkowski","17":"product_tag-lviv","18":"product_tag-manufactures","19":"product_tag-playing-cards","20":"product_tag-porcelain","21":"product_tag-renewed-edition","23":"first","24":"instock","25":"sold-individually","26":"taxable","27":"shipping-taxable","28":"purchasable","29":"product-type-simple","30":"entry","31":"content-bg","32":"loop-entry"},"_links":{"self":[{"href":"https:\/\/antykwariat-polski.pl\/en\/wp-json\/wp\/v2\/product\/36433","targetHints":{"allow":["GET"]}}],"collection":[{"href":"https:\/\/antykwariat-polski.pl\/en\/wp-json\/wp\/v2\/product"}],"about":[{"href":"https:\/\/antykwariat-polski.pl\/en\/wp-json\/wp\/v2\/types\/product"}],"replies":[{"embeddable":true,"href":"https:\/\/antykwariat-polski.pl\/en\/wp-json\/wp\/v2\/comments?post=36433"}],"wp:featuredmedia":[{"embeddable":true,"href":"https:\/\/antykwariat-polski.pl\/en\/wp-json\/wp\/v2\/media\/36419"}],"wp:attachment":[{"href":"https:\/\/antykwariat-polski.pl\/en\/wp-json\/wp\/v2\/media?parent=36433"}],"wp:term":[{"taxonomy":"product_brand","embeddable":true,"href":"https:\/\/antykwariat-polski.pl\/en\/wp-json\/wp\/v2\/product_brand?post=36433"},{"taxonomy":"product_cat","embeddable":true,"href":"https:\/\/antykwariat-polski.pl\/en\/wp-json\/wp\/v2\/product_cat?post=36433"},{"taxonomy":"product_tag","embeddable":true,"href":"https:\/\/antykwariat-polski.pl\/en\/wp-json\/wp\/v2\/product_tag?post=36433"}],"curies":[{"name":"wp","href":"https:\/\/api.w.org\/{rel}","templated":true}]}}