{"id":36256,"date":"2026-04-07T15:50:43","date_gmt":"2026-04-07T13:50:43","guid":{"rendered":"https:\/\/antykwariat-polski.pl\/produkt\/ksiega-pamiatkowa-piecsetletniego-jubileuszu-odnowienia-uniwersytetu-jagiellonskiego-1400-1900-1901\/"},"modified":"2026-04-07T15:54:33","modified_gmt":"2026-04-07T13:54:33","slug":"ksiega-pamiatkowa-piecsetletniego-jubileuszu-odnowienia-uniwersytetu-jagiellonskiego-1400-1900-1901","status":"publish","type":"product","link":"https:\/\/antykwariat-polski.pl\/en\/produkt\/ksiega-pamiatkowa-piecsetletniego-jubileuszu-odnowienia-uniwersytetu-jagiellonskiego-1400-1900-1901\/","title":{"rendered":"COMMEMORATIVE BOOK OF THE FIVE-HUNDREDTH JUBILEE OF THE RENEWAL OF THE JAGIELLONIAN UNIVERSITY 1400-1900 [1901]."},"content":{"rendered":"<p class=\"ds-markdown-paragraph\">A monumental commemorative book published on the occasion of the 500th anniversary of the restoration of the Jagiellonian University by King W\u0142adys\u0142aw Jagie\u0142\u0142o in 1400. The publication was published in 1901 by the Jagiellonian University Printing House in Cracow under the management of J\u00f3zef Filipowski . <\/p>\n<p class=\"ds-markdown-paragraph\">The volume is an extremely valuable source for the history of one of the oldest universities in Europe. It contains, among other things, an introductory word by L. Cyfrowicz, detailed descriptions of the history of the founding and renewal of the University, preparations for the jubilee and the course of the celebrations that took place on June 7, 1900 . The publication is richly illustrated &#8211; it includes engravings in the text and a portrait of rector Stanislaw Tarnowski in heliogravure .   <\/p>\n<p class=\"ds-markdown-paragraph\">The book is not only a historical document, but also a testimony to the patriotic spirit of Poles under the partitions &#8211; the jubilee celebration became a magnificent manifestation of national unity and recognition of the five centuries of civilization work of Polish science . The celebration was attended by representatives of sister universities from around the world, which emphasized the importance of this moment for Polish culture and science. <\/p>\n","protected":false},"excerpt":{"rendered":"<p>Krak\u00f3w 1901<\/p>\n<p>Printed at the Jagiellonian University Printing House.<\/p>\n<p>331 p., 29 cm.<\/p>\n<p>Bibliophilic binding made by hand in the bindery of the Antykwariat Polski.<\/p>\n","protected":false},"featured_media":36255,"comment_status":"open","ping_status":"closed","template":"","meta":{"_kadence_starter_templates_imported_post":false,"_kad_post_transparent":"","_kad_post_title":"","_kad_post_layout":"","_kad_post_sidebar_id":"","_kad_post_content_style":"","_kad_post_vertical_padding":"","_kad_post_feature":"","_kad_post_feature_position":"","_kad_post_header":false,"_kad_post_footer":false,"_kad_post_classname":""},"product_brand":[],"product_cat":[689,220,277],"product_tag":[2942,2944,2941,2030,2940,2031,2943,567,2945,2946],"class_list":{"0":"post-36256","1":"product","2":"type-product","3":"status-publish","4":"has-post-thumbnail","6":"product_cat-collectible-books","7":"product_cat-history-and-military","8":"product_cat-regionalia-en","9":"product_tag-alma-mater-jagellonica","10":"product_tag-casimir-the-great","11":"product_tag-history-of-polish-science","12":"product_tag-jagiellonian-university","13":"product_tag-jubilee-1900","14":"product_tag-krakow","15":"product_tag-ladislaus-jagiello","16":"product_tag-leather-binding-en","17":"product_tag-memorial-books","18":"product_tag-occasional-prints","20":"first","21":"instock","22":"sold-individually","23":"taxable","24":"shipping-taxable","25":"purchasable","26":"product-type-simple","27":"entry","28":"content-bg","29":"loop-entry"},"_links":{"self":[{"href":"https:\/\/antykwariat-polski.pl\/en\/wp-json\/wp\/v2\/product\/36256","targetHints":{"allow":["GET"]}}],"collection":[{"href":"https:\/\/antykwariat-polski.pl\/en\/wp-json\/wp\/v2\/product"}],"about":[{"href":"https:\/\/antykwariat-polski.pl\/en\/wp-json\/wp\/v2\/types\/product"}],"replies":[{"embeddable":true,"href":"https:\/\/antykwariat-polski.pl\/en\/wp-json\/wp\/v2\/comments?post=36256"}],"wp:featuredmedia":[{"embeddable":true,"href":"https:\/\/antykwariat-polski.pl\/en\/wp-json\/wp\/v2\/media\/36255"}],"wp:attachment":[{"href":"https:\/\/antykwariat-polski.pl\/en\/wp-json\/wp\/v2\/media?parent=36256"}],"wp:term":[{"taxonomy":"product_brand","embeddable":true,"href":"https:\/\/antykwariat-polski.pl\/en\/wp-json\/wp\/v2\/product_brand?post=36256"},{"taxonomy":"product_cat","embeddable":true,"href":"https:\/\/antykwariat-polski.pl\/en\/wp-json\/wp\/v2\/product_cat?post=36256"},{"taxonomy":"product_tag","embeddable":true,"href":"https:\/\/antykwariat-polski.pl\/en\/wp-json\/wp\/v2\/product_tag?post=36256"}],"curies":[{"name":"wp","href":"https:\/\/api.w.org\/{rel}","templated":true}]}}