{"id":35878,"date":"2026-04-02T11:52:34","date_gmt":"2026-04-02T09:52:34","guid":{"rendered":"https:\/\/antykwariat-polski.pl\/produkt\/wladyslaw-tatarkiewicz-piec-studjow-o-lazienkach-stanislawa-augusta-1925\/"},"modified":"2026-04-02T11:52:34","modified_gmt":"2026-04-02T09:52:34","slug":"wladyslaw-tatarkiewicz-piec-studjow-o-lazienkach-stanislawa-augusta-1925","status":"publish","type":"product","link":"https:\/\/antykwariat-polski.pl\/en\/produkt\/wladyslaw-tatarkiewicz-piec-studjow-o-lazienkach-stanislawa-augusta-1925\/","title":{"rendered":"W\u0141ADYS\u0141AW TATARKIEWICZ: PI\u0118\u0106 STUDJJ\u00d3W O \u0141AZIENKACH STANIS\u0141AWA AUGUSTA [1925]."},"content":{"rendered":"<p class=\"ds-markdown-paragraph\">This is the first edition of one of the most important works of the prominent Polish historian of philosophy, aesthetics and art &#8211; Wladyslaw Tatarkiewicz (1886-1980). The publication was published in 1925 by Ksiaznica-Atlas in Lviv as part of the series &#8220;Science and Art&#8221; (volume XV) . This is the first edition of this fundamental monograph on Warsaw&#8217;s Royal Baths &#8211; the summer residence of the last king of the Republic, Stanislaw August Poniatowski .  <\/p>\n<p class=\"ds-markdown-paragraph\">Tatarkiewicz, considered one of the most prominent Polish humanists of the 20th century, in five studies analyzes the architectural program, sculptural and painting decoration of the Baths, reading them as an allegory of the political and philosophical views of the King-Stanis. As contemporary historiography indicates, the Baths were a symbolic creation of Stanislaw August &#8211; a &#8220;dream republic&#8221; in which the king as Apollo rules the world of justice, peace and prosperity . Tatarkiewicz shows with his usual erudition how the classicist architecture, sculptures and paintings formed a coherent propaganda program, glorifying the wisdom of the ruler and the reformist aspirations of the Great Seym .  <\/p>\n<p class=\"ds-markdown-paragraph\">The book contains studies devoted to, among others, the Palace, the Hermitage, the Turkish House and the Baths after the departure of Stanislaw August . Lavishly illustrated (with 68 illustrations in the text and on separate plates), it remains to this day an essential reference for scholars of art, architecture and the history of ideas in the Stanislaus Augustus era .  <\/p>\n","protected":false},"excerpt":{"rendered":"<p>Lviv 1925<\/p>\n<p>Book-Atlas (Science and Art series, Volume XV).<\/p>\n<p>169 s. 68 illustrations in text and on plates, 25 cm. <\/p>\n<p>First edition. A clean copy.<\/p>\n<p>Bibliophilic binding made by hand in the bindery of the Polish Antykwariat.<\/p>\n<p>8012-25-A-Z<\/p>\n","protected":false},"featured_media":35855,"comment_status":"open","ping_status":"closed","template":"","meta":{"_kadence_starter_templates_imported_post":false,"_kad_post_transparent":"","_kad_post_title":"","_kad_post_layout":"","_kad_post_sidebar_id":"","_kad_post_content_style":"","_kad_post_vertical_padding":"","_kad_post_feature":"","_kad_post_feature_position":"","_kad_post_header":false,"_kad_post_footer":false,"_kad_post_classname":""},"product_brand":[],"product_cat":[689,277],"product_tag":[2658,486,2659,2657,427,2319,567,2655,2660,2656,2661,554,2662],"class_list":{"0":"post-35878","1":"product","2":"type-product","3":"status-publish","4":"has-post-thumbnail","6":"product_cat-collectible-books","7":"product_cat-regionalia-en","8":"product_tag-aesthetics","9":"product_tag-art-history","10":"product_tag-book-atlas","11":"product_tag-classicist-architecture","12":"product_tag-first-edition","13":"product_tag-iconography","14":"product_tag-leather-binding-en","15":"product_tag-royal-baths","16":"product_tag-science-and-art-series","17":"product_tag-stanislaw-august-poniatowski","18":"product_tag-stanislaw-epoch","19":"product_tag-warsaw","20":"product_tag-wladyslaw-tatarkiewicz","22":"first","23":"instock","24":"sold-individually","25":"taxable","26":"shipping-taxable","27":"purchasable","28":"product-type-simple","29":"entry","30":"content-bg","31":"loop-entry"},"_links":{"self":[{"href":"https:\/\/antykwariat-polski.pl\/en\/wp-json\/wp\/v2\/product\/35878","targetHints":{"allow":["GET"]}}],"collection":[{"href":"https:\/\/antykwariat-polski.pl\/en\/wp-json\/wp\/v2\/product"}],"about":[{"href":"https:\/\/antykwariat-polski.pl\/en\/wp-json\/wp\/v2\/types\/product"}],"replies":[{"embeddable":true,"href":"https:\/\/antykwariat-polski.pl\/en\/wp-json\/wp\/v2\/comments?post=35878"}],"wp:featuredmedia":[{"embeddable":true,"href":"https:\/\/antykwariat-polski.pl\/en\/wp-json\/wp\/v2\/media\/35855"}],"wp:attachment":[{"href":"https:\/\/antykwariat-polski.pl\/en\/wp-json\/wp\/v2\/media?parent=35878"}],"wp:term":[{"taxonomy":"product_brand","embeddable":true,"href":"https:\/\/antykwariat-polski.pl\/en\/wp-json\/wp\/v2\/product_brand?post=35878"},{"taxonomy":"product_cat","embeddable":true,"href":"https:\/\/antykwariat-polski.pl\/en\/wp-json\/wp\/v2\/product_cat?post=35878"},{"taxonomy":"product_tag","embeddable":true,"href":"https:\/\/antykwariat-polski.pl\/en\/wp-json\/wp\/v2\/product_tag?post=35878"}],"curies":[{"name":"wp","href":"https:\/\/api.w.org\/{rel}","templated":true}]}}