{"id":35009,"date":"2026-03-20T13:40:41","date_gmt":"2026-03-20T12:40:41","guid":{"rendered":"https:\/\/antykwariat-polski.pl\/produkt\/mikolaj-rej-apocalypsis-to-jest-dziwna-sprawa-skrytych-tajemnic-panskich-1876-mikolaj-rej-apocalypsis-to-jest-dziwna-sprawa-skrytych-tajemnic-panskich-1876\/"},"modified":"2026-03-20T13:40:41","modified_gmt":"2026-03-20T12:40:41","slug":"mikolaj-rej-apocalypsis-to-jest-dziwna-sprawa-skrytych-tajemnic-panskich-1876-mikolaj-rej-apocalypsis-to-jest-dziwna-sprawa-skrytych-tajemnic-panskich-1876","status":"publish","type":"product","link":"https:\/\/antykwariat-polski.pl\/en\/produkt\/mikolaj-rej-apocalypsis-to-jest-dziwna-sprawa-skrytych-tajemnic-panskich-1876-mikolaj-rej-apocalypsis-to-jest-dziwna-sprawa-skrytych-tajemnic-panskich-1876\/","title":{"rendered":"MIKOLAJ REJ: APOCALYPSIS, TO JEST DZIWNA SPR\u00c1W\u00c1 SKRYTYCH T\u00c1JEMNIC P\u00c1\u0143SKICH [1876] MIKO\u0141AJ REJ: APOCALYPSIS, TO JEST DZIWNA SPR\u00c1W\u00c1 SKRYTYCH T\u00c1JEMNIC P\u00c1\u0143SKICH [1876]."},"content":{"rendered":"<p>A unique 19th-century reissue of one of Nicolaus Rej&#8217;s most fractious works, originally published in print in 1565. This publication, published in Paris in 1876, is a faithful rendering of the Old Polish commentary on St. John&#8217;s Revelation, in which the &#8220;father of Polish literature&#8221; interprets the biblical visions in a highly colorful and emotional manner, setting them in the context of the religious and moral struggles of the 16th century.  <\/p>\n<p>Apocalypsis is not only a theological treatise in the spirit of the Reformation, but above all a monument to the Polish language. Using luscious, artistic phrasing, Rej creates a work that still amazes today with its power of expression and literary inventiveness. The Paris edition from the period of the Great Emigration (often realized through the efforts of bibliophiles concerned with preserving national heritage) is a rarity on the antiquarian market and is an extremely valuable acquisition for collectors of Old Polish and religious literature.  <\/p>\n<p>A copy in a luxurious full leather binding from the bindery of the Polish Antiquarian.<\/p>\n","protected":false},"excerpt":{"rendered":"<p>Paris 1876, Library of Polish Writers (or related emigrant publications).<\/p>\n<p>Parameters and condition:<\/p>\n<p>21cm,. [4], 378, [4].p<\/p>\n<p>Full natural leather, bibliophile binding made by hand in the bindery of the Polish Antiquary.<\/p>\n","protected":false},"featured_media":35006,"comment_status":"open","ping_status":"closed","template":"","meta":{"_kadence_starter_templates_imported_post":false,"_kad_post_transparent":"","_kad_post_title":"","_kad_post_layout":"","_kad_post_sidebar_id":"","_kad_post_content_style":"","_kad_post_vertical_padding":"","_kad_post_feature":"","_kad_post_feature_position":"","_kad_post_header":false,"_kad_post_footer":false,"_kad_post_classname":""},"product_brand":[],"product_cat":[689,827,289],"product_tag":[1829,1758,567,1832,1828,1830,1833,1834,1831,704],"class_list":{"0":"post-35009","1":"product","2":"type-product","3":"status-publish","4":"has-post-thumbnail","6":"product_cat-collectible-books","7":"product_cat-gift-shop-en","8":"product_cat-religion","9":"product_tag-apocalypsis","10":"product_tag-bibliophilism","11":"product_tag-leather-binding-en","12":"product_tag-literature-of-the-16th-century","13":"product_tag-nikolai-rej","14":"product_tag-old-polish","15":"product_tag-paris-edition","16":"product_tag-rare-prints","17":"product_tag-reformation","18":"product_tag-the-great-emigration","20":"first","21":"instock","22":"taxable","23":"shipping-taxable","24":"purchasable","25":"product-type-simple","26":"entry","27":"content-bg","28":"loop-entry"},"_links":{"self":[{"href":"https:\/\/antykwariat-polski.pl\/en\/wp-json\/wp\/v2\/product\/35009","targetHints":{"allow":["GET"]}}],"collection":[{"href":"https:\/\/antykwariat-polski.pl\/en\/wp-json\/wp\/v2\/product"}],"about":[{"href":"https:\/\/antykwariat-polski.pl\/en\/wp-json\/wp\/v2\/types\/product"}],"replies":[{"embeddable":true,"href":"https:\/\/antykwariat-polski.pl\/en\/wp-json\/wp\/v2\/comments?post=35009"}],"wp:featuredmedia":[{"embeddable":true,"href":"https:\/\/antykwariat-polski.pl\/en\/wp-json\/wp\/v2\/media\/35006"}],"wp:attachment":[{"href":"https:\/\/antykwariat-polski.pl\/en\/wp-json\/wp\/v2\/media?parent=35009"}],"wp:term":[{"taxonomy":"product_brand","embeddable":true,"href":"https:\/\/antykwariat-polski.pl\/en\/wp-json\/wp\/v2\/product_brand?post=35009"},{"taxonomy":"product_cat","embeddable":true,"href":"https:\/\/antykwariat-polski.pl\/en\/wp-json\/wp\/v2\/product_cat?post=35009"},{"taxonomy":"product_tag","embeddable":true,"href":"https:\/\/antykwariat-polski.pl\/en\/wp-json\/wp\/v2\/product_tag?post=35009"}],"curies":[{"name":"wp","href":"https:\/\/api.w.org\/{rel}","templated":true}]}}