{"id":34299,"date":"2026-03-02T17:29:16","date_gmt":"2026-03-02T16:29:16","guid":{"rendered":"https:\/\/antykwariat-polski.pl\/produkt\/lopez-rey-jose-velazquez-the-complete-works-taschen-2014\/"},"modified":"2026-03-02T18:43:20","modified_gmt":"2026-03-02T17:43:20","slug":"lopez-rey-jose-velazquez-the-complete-works-taschen-2014","status":"publish","type":"product","link":"https:\/\/antykwariat-polski.pl\/en\/produkt\/lopez-rey-jose-velazquez-the-complete-works-taschen-2014\/","title":{"rendered":"L\u00d3PEZ-REY JOS\u00c9, VEL\u00c1ZQUEZ. THE COMPLETE WORKS.  TASCHEN [2014]."},"content":{"rendered":"<p>A publication devoted to the work of Diego Vel\u00e1zquez &#8211; one of the most outstanding painters of the Spanish Baroque and court artist to King Philip IV &#8211; presenting a complete collection of his works. The album reveals the achievements of the artist, whose paintings are distinguished by his masterful handling of light, subtle psychology of portraiture and exceptional painterly freedom, which had a great influence on the development of European art. <\/p>\n<p>The study, authored by Jos\u00e9 L\u00f3pez-Rey, includes reproductions of all known paintings attributed to the artist, supplemented by an art-historical commentary and stylistic analysis to trace the evolution of his work and the cultural context of the era. The publication is a comprehensive study of the oeuvre of one of the most important painters of the 17th century. <\/p>\n<p>The album was published by the renowned Taschen publishing house, known for its high-quality art publications.  <b>Published in English.<\/b><\/p>\n<p>A leather-bound copy from the bindery of the Polish Antiquarian, with the utmost care taken to ensure durability and safety for generations.<\/p>\n<p>15395-40-A-X<\/p>\n","protected":false},"excerpt":{"rendered":"<p>Taschen, Keln 2014<\/p>\n<p>40 cm. A clean copy. <\/p>\n<p>A copy in a leather binding made in the bindery of the Polish Antiquarian.<span class=\"Apple-converted-space\"> <\/span><\/p>\n","protected":false},"featured_media":34278,"comment_status":"open","ping_status":"closed","template":"","meta":{"_kadence_starter_templates_imported_post":false,"_kad_post_transparent":"","_kad_post_title":"","_kad_post_layout":"","_kad_post_sidebar_id":"","_kad_post_content_style":"","_kad_post_vertical_padding":"","_kad_post_feature":"","_kad_post_feature_position":"","_kad_post_header":false,"_kad_post_footer":false,"_kad_post_classname":""},"product_brand":[],"product_cat":[1192],"product_tag":[1489,1437,486,1488,1497,1266,1500,1499,1492,1498],"class_list":{"0":"post-34299","1":"product","2":"type-product","3":"status-publish","4":"has-post-thumbnail","6":"product_cat-limited-editions","7":"product_tag-art-17th-century","8":"product_tag-art-album","9":"product_tag-art-history","10":"product_tag-baroque","11":"product_tag-diego-velazquez","12":"product_tag-european-painting","13":"product_tag-jose-lopez-rey","14":"product_tag-spanish-painting","15":"product_tag-taschen","16":"product_tag-velazquez","18":"first","19":"instock","20":"taxable","21":"shipping-taxable","22":"purchasable","23":"product-type-simple","24":"entry","25":"content-bg","26":"loop-entry"},"_links":{"self":[{"href":"https:\/\/antykwariat-polski.pl\/en\/wp-json\/wp\/v2\/product\/34299","targetHints":{"allow":["GET"]}}],"collection":[{"href":"https:\/\/antykwariat-polski.pl\/en\/wp-json\/wp\/v2\/product"}],"about":[{"href":"https:\/\/antykwariat-polski.pl\/en\/wp-json\/wp\/v2\/types\/product"}],"replies":[{"embeddable":true,"href":"https:\/\/antykwariat-polski.pl\/en\/wp-json\/wp\/v2\/comments?post=34299"}],"wp:featuredmedia":[{"embeddable":true,"href":"https:\/\/antykwariat-polski.pl\/en\/wp-json\/wp\/v2\/media\/34278"}],"wp:attachment":[{"href":"https:\/\/antykwariat-polski.pl\/en\/wp-json\/wp\/v2\/media?parent=34299"}],"wp:term":[{"taxonomy":"product_brand","embeddable":true,"href":"https:\/\/antykwariat-polski.pl\/en\/wp-json\/wp\/v2\/product_brand?post=34299"},{"taxonomy":"product_cat","embeddable":true,"href":"https:\/\/antykwariat-polski.pl\/en\/wp-json\/wp\/v2\/product_cat?post=34299"},{"taxonomy":"product_tag","embeddable":true,"href":"https:\/\/antykwariat-polski.pl\/en\/wp-json\/wp\/v2\/product_tag?post=34299"}],"curies":[{"name":"wp","href":"https:\/\/api.w.org\/{rel}","templated":true}]}}