{"id":32588,"date":"2026-01-16T12:31:44","date_gmt":"2026-01-16T11:31:44","guid":{"rendered":"https:\/\/antykwariat-polski.pl\/produkt\/prawo-polityczne-i-cywilne-korony-polskiey-y-wielkiego-xieztwa-litewskiego-antoni-trebicki\/"},"modified":"2026-03-01T10:27:59","modified_gmt":"2026-03-01T09:27:59","slug":"prawo-polityczne-i-cywilne-korony-polskiey-y-wielkiego-xieztwa-litewskiego-antoni-trebicki","status":"publish","type":"product","link":"https:\/\/antykwariat-polski.pl\/en\/produkt\/prawo-polityczne-i-cywilne-korony-polskiey-y-wielkiego-xieztwa-litewskiego-antoni-trebicki\/","title":{"rendered":"ANTONI TR\u0118BICKI, PRAWO POLITYCZNE I CYWILNE KORONY POLSKIEY Y WIELKIEGO XI\u0118ZTWA LITEWSKIEGO T.I-II [1789;1791]."},"content":{"rendered":"<p>Tr\u0119bicki Antoni, Prawo polityczne i cywilne Korony Polskiej y Wielkiego Xi\u0119stwa Litewskiego to iest Nowy Zbi\u00f3r Praw Oboyga Narod\u00f3w od roku 1347 a\u017c do tera\u017anieyszych czas\u00f3w. T.I-II in 2 volumes. <\/p>\n<p>A comprehensive study by Antoni Tr\u0119bicki, a civil servant and legal expert, which is an attempt to collect and organize the entire civil and political law of the Polish-Lithuanian Commonwealth &#8211; from the time of Casimir the Great (1347) to the end of the 18th century.<span class=\"Apple-converted-space\"> <\/span><\/p>\n<p>Rare complete edition. A collection of regulations, to which the Prussian authorities gave an official character, of political and civil law, from 1347 to 1791, of the Polish Crown and the Grand Duchy of Lithuania by the deputy from the Duchy of Inflants, Antoni Tr\u0119bicki (1764-1842), member of the Great Seym, member of Ku\u017anica Ko\u0142\u0142\u0105taj, pioneer of modern agronomy. <\/p>\n<p>The copies are hand-bound in leather in the bindery of the Polish Antiquarian, with the utmost care taken to ensure durability and security for generations.<\/p>\n","protected":false},"excerpt":{"rendered":"<p>in Printing House of Piotr Dufour [&#8230;] Warsaw 1789;1791<\/p>\n<p>33 cm, [3] p., 9 p., 757 p.; [2] p., 567 p.<\/p>\n<p>Extremely rare set of editions preserved in excellent condition, occasional marginalia in period ink, a few underlining in pencil in the text, period signature and ownership stamp on the title page of Vol. I and II, pale traces of former dampstaining in the margins of about 10 pages. Volumes in beautiful classic half-leather bindings made by Antykwariat Polski.   <\/p>\n","protected":false},"featured_media":33566,"comment_status":"open","ping_status":"closed","template":"","meta":{"_kadence_starter_templates_imported_post":false,"_kad_post_transparent":"","_kad_post_title":"","_kad_post_layout":"","_kad_post_sidebar_id":"","_kad_post_content_style":"","_kad_post_vertical_padding":"","_kad_post_feature":"","_kad_post_feature_position":"","_kad_post_header":false,"_kad_post_footer":false,"_kad_post_classname":""},"product_brand":[],"product_cat":[814,227],"product_tag":[],"class_list":{"0":"post-32588","1":"product","2":"type-product","3":"status-publish","4":"has-post-thumbnail","6":"product_cat-investment-books","7":"product_cat-law","9":"first","10":"instock","11":"taxable","12":"shipping-taxable","13":"purchasable","14":"product-type-simple","15":"entry","16":"content-bg","17":"loop-entry"},"_links":{"self":[{"href":"https:\/\/antykwariat-polski.pl\/en\/wp-json\/wp\/v2\/product\/32588","targetHints":{"allow":["GET"]}}],"collection":[{"href":"https:\/\/antykwariat-polski.pl\/en\/wp-json\/wp\/v2\/product"}],"about":[{"href":"https:\/\/antykwariat-polski.pl\/en\/wp-json\/wp\/v2\/types\/product"}],"replies":[{"embeddable":true,"href":"https:\/\/antykwariat-polski.pl\/en\/wp-json\/wp\/v2\/comments?post=32588"}],"wp:featuredmedia":[{"embeddable":true,"href":"https:\/\/antykwariat-polski.pl\/en\/wp-json\/wp\/v2\/media\/33566"}],"wp:attachment":[{"href":"https:\/\/antykwariat-polski.pl\/en\/wp-json\/wp\/v2\/media?parent=32588"}],"wp:term":[{"taxonomy":"product_brand","embeddable":true,"href":"https:\/\/antykwariat-polski.pl\/en\/wp-json\/wp\/v2\/product_brand?post=32588"},{"taxonomy":"product_cat","embeddable":true,"href":"https:\/\/antykwariat-polski.pl\/en\/wp-json\/wp\/v2\/product_cat?post=32588"},{"taxonomy":"product_tag","embeddable":true,"href":"https:\/\/antykwariat-polski.pl\/en\/wp-json\/wp\/v2\/product_tag?post=32588"}],"curies":[{"name":"wp","href":"https:\/\/api.w.org\/{rel}","templated":true}]}}