{"id":32268,"date":"2025-11-06T13:51:58","date_gmt":"2025-11-06T12:51:58","guid":{"rendered":"https:\/\/antykwariat-polski.pl\/produkt\/boleslaw-smialy-wyspianski-1903\/"},"modified":"2026-02-26T15:52:32","modified_gmt":"2026-02-26T14:52:32","slug":"boleslaw-smialy-wyspianski-1903","status":"publish","type":"product","link":"https:\/\/antykwariat-polski.pl\/en\/produkt\/boleslaw-smialy-wyspianski-1903\/","title":{"rendered":"Stanis\u0142aw Wyspia\u0144ski, Boles\u0142aw \u015amia\u0142y: a drama in three acts [1903]."},"content":{"rendered":"<p>First edition of a drama by Stanislaw Wyspianski, one of the most outstanding artists of the Young Poland era. Boleslaw the Bold is a historical drama based on events from the 11th century &#8211; the conflict between King Boleslaw II and Bishop Stanislaw. The work combines political tragedy, moral reflection and metaphysical depth, being at the same time a consideration of the fate of the nation, the responsibility of power and the spiritual identity of Poland. By combining history with symbolism, Wyspianski created a work that still impresses today with its strength of language and artistic vision.   <\/p>\n<p>First edition in a handmade leather binding of the Polish Antiquarian bookbindery. Perfectly detailed, classic form and historical character make this book a unique collector&#8217;s item of great bibliophilic value. <\/p>\n<p>Our items are not just suggestions for collectors &#8211; they are beautiful cultural items that combine tradition with artistic craftsmanship.<\/p>\n<p>The book will also be perfect as a unique gift for lovers of Polish literature, theater and national history.<\/p>\n","protected":false},"excerpt":{"rendered":"<p>Printing House of the Jagiellonian University, Cracow 1903<\/p>\n<p>21 cm, 104, [4] p.<\/p>\n<p>First edition.<\/p>\n<p>Leather binding made by hand in the bindery of the Polish Antykwariat.<\/p>\n","protected":false},"featured_media":33035,"comment_status":"open","ping_status":"closed","template":"","meta":{"_kadence_starter_templates_imported_post":false,"_kad_post_transparent":"","_kad_post_title":"","_kad_post_layout":"","_kad_post_sidebar_id":"","_kad_post_content_style":"","_kad_post_vertical_padding":"","_kad_post_feature":"","_kad_post_feature_position":"","_kad_post_header":false,"_kad_post_footer":false,"_kad_post_classname":""},"product_brand":[],"product_cat":[689,827,218],"product_tag":[356,466,401,354,447,427,467,355,433,448,468,465,469,284],"class_list":{"0":"post-32268","1":"product","2":"type-product","3":"status-publish","4":"has-post-thumbnail","6":"product_cat-collectible-books","7":"product_cat-gift-shop-en","8":"product_cat-polish-literature","9":"product_tag-antiquarian-polish","10":"product_tag-boleslaw-the-bold","11":"product_tag-chic-gift","12":"product_tag-collectible-books","13":"product_tag-cracow-1903","14":"product_tag-first-edition","15":"product_tag-historical-drama","16":"product_tag-leather-binding","17":"product_tag-polish-literature","18":"product_tag-polish-theater","19":"product_tag-printing-house-of-the-university-of-juglona","20":"product_tag-stanislaw-wyspianski-en","21":"product_tag-symbolism","22":"product_tag-young-poland","24":"first","25":"instock","26":"taxable","27":"shipping-taxable","28":"purchasable","29":"product-type-simple","30":"entry","31":"content-bg","32":"loop-entry"},"_links":{"self":[{"href":"https:\/\/antykwariat-polski.pl\/en\/wp-json\/wp\/v2\/product\/32268","targetHints":{"allow":["GET"]}}],"collection":[{"href":"https:\/\/antykwariat-polski.pl\/en\/wp-json\/wp\/v2\/product"}],"about":[{"href":"https:\/\/antykwariat-polski.pl\/en\/wp-json\/wp\/v2\/types\/product"}],"replies":[{"embeddable":true,"href":"https:\/\/antykwariat-polski.pl\/en\/wp-json\/wp\/v2\/comments?post=32268"}],"wp:featuredmedia":[{"embeddable":true,"href":"https:\/\/antykwariat-polski.pl\/en\/wp-json\/wp\/v2\/media\/33035"}],"wp:attachment":[{"href":"https:\/\/antykwariat-polski.pl\/en\/wp-json\/wp\/v2\/media?parent=32268"}],"wp:term":[{"taxonomy":"product_brand","embeddable":true,"href":"https:\/\/antykwariat-polski.pl\/en\/wp-json\/wp\/v2\/product_brand?post=32268"},{"taxonomy":"product_cat","embeddable":true,"href":"https:\/\/antykwariat-polski.pl\/en\/wp-json\/wp\/v2\/product_cat?post=32268"},{"taxonomy":"product_tag","embeddable":true,"href":"https:\/\/antykwariat-polski.pl\/en\/wp-json\/wp\/v2\/product_tag?post=32268"}],"curies":[{"name":"wp","href":"https:\/\/api.w.org\/{rel}","templated":true}]}}