{"id":33287,"date":"2026-02-16T18:08:31","date_gmt":"2026-02-16T17:08:31","guid":{"rendered":"https:\/\/antykwariat-polski.pl\/about-us\/"},"modified":"2026-03-17T10:28:56","modified_gmt":"2026-03-17T09:28:56","slug":"about-us","status":"publish","type":"page","link":"https:\/\/antykwariat-polski.pl\/en\/about-us\/","title":{"rendered":"ABOUT US"},"content":{"rendered":"<style>.kb-row-layout-id17_275ce8-9b > .kt-row-column-wrap{align-content:start;}:where(.kb-row-layout-id17_275ce8-9b > .kt-row-column-wrap) > .wp-block-kadence-column{justify-content:start;}.kb-row-layout-id17_275ce8-9b > .kt-row-column-wrap{column-gap:var(--global-kb-gap-md, 2rem);row-gap:var(--global-kb-gap-md, 2rem);padding-top:var(--global-kb-spacing-xxl, 5rem);padding-bottom:var(--global-kb-spacing-sm, 1.5rem);grid-template-columns:minmax(0, 1fr) minmax(0, 2fr);}.kb-row-layout-id17_275ce8-9b > .kt-row-layout-overlay{opacity:0.30;}@media all and (max-width: 1024px){.kb-row-layout-id17_275ce8-9b > .kt-row-column-wrap{grid-template-columns:minmax(0, 1fr) minmax(0, 2fr);}}@media all and (max-width: 767px){.kb-row-layout-id17_275ce8-9b > .kt-row-column-wrap{grid-template-columns:minmax(0, 1fr);}}<\/style><div class=\"kb-row-layout-wrap kb-row-layout-id17_275ce8-9b alignnone wp-block-kadence-rowlayout\"><div class=\"kt-row-column-wrap kt-has-2-columns kt-row-layout-right-golden kt-tab-layout-inherit kt-mobile-layout-row kt-row-valign-top\">\n<style>.kadence-column17_10fa8b-55 > .kt-inside-inner-col{display:flex;}.kadence-column17_10fa8b-55 > .kt-inside-inner-col,.kadence-column17_10fa8b-55 > .kt-inside-inner-col:before{border-top-left-radius:0px;border-top-right-radius:0px;border-bottom-right-radius:0px;border-bottom-left-radius:0px;}.kadence-column17_10fa8b-55 > .kt-inside-inner-col{column-gap:var(--global-kb-gap-sm, 1rem);}.kadence-column17_10fa8b-55 > .kt-inside-inner-col{flex-direction:column;justify-content:center;align-items:center;}.kadence-column17_10fa8b-55 > .kt-inside-inner-col > .kb-image-is-ratio-size{align-self:stretch;}.kadence-column17_10fa8b-55 > .kt-inside-inner-col > .wp-block-kadence-advancedgallery{align-self:stretch;}.kadence-column17_10fa8b-55 > .kt-inside-inner-col > .aligncenter{width:100%;}.kt-row-column-wrap > .kadence-column17_10fa8b-55{align-self:center;}.kt-inner-column-height-full:not(.kt-has-1-columns) > .wp-block-kadence-column.kadence-column17_10fa8b-55{align-self:auto;}.kt-inner-column-height-full:not(.kt-has-1-columns) > .wp-block-kadence-column.kadence-column17_10fa8b-55 > .kt-inside-inner-col{flex-direction:column;justify-content:center;}.kadence-column17_10fa8b-55 > .kt-inside-inner-col:before{opacity:0.3;}.kadence-column17_10fa8b-55{position:relative;}@media all and (max-width: 1024px){.kt-row-column-wrap > .kadence-column17_10fa8b-55{align-self:center;}}@media all and (max-width: 1024px){.kt-inner-column-height-full:not(.kt-has-1-columns) > .wp-block-kadence-column.kadence-column17_10fa8b-55{align-self:auto;}}@media all and (max-width: 1024px){.kt-inner-column-height-full:not(.kt-has-1-columns) > .wp-block-kadence-column.kadence-column17_10fa8b-55 > .kt-inside-inner-col{flex-direction:column;justify-content:center;}}@media all and (max-width: 1024px){.kadence-column17_10fa8b-55 > .kt-inside-inner-col{flex-direction:column;justify-content:center;align-items:center;}}@media all and (max-width: 767px){.kt-row-column-wrap > .kadence-column17_10fa8b-55{align-self:center;}.kt-inner-column-height-full:not(.kt-has-1-columns) > .wp-block-kadence-column.kadence-column17_10fa8b-55{align-self:auto;}.kt-inner-column-height-full:not(.kt-has-1-columns) > .wp-block-kadence-column.kadence-column17_10fa8b-55 > .kt-inside-inner-col{flex-direction:column;justify-content:center;}.kadence-column17_10fa8b-55 > .kt-inside-inner-col{flex-direction:column;justify-content:center;align-items:center;}}<\/style>\n<div class=\"wp-block-kadence-column kadence-column17_10fa8b-55\"><div class=\"kt-inside-inner-col\"><style>.wp-block-kadence-advancedheading.kt-adv-heading17_ab6843-c0, .wp-block-kadence-advancedheading.kt-adv-heading17_ab6843-c0[data-kb-block=\"kb-adv-heading17_ab6843-c0\"]{text-align:center;font-style:normal;}.wp-block-kadence-advancedheading.kt-adv-heading17_ab6843-c0 mark.kt-highlight, .wp-block-kadence-advancedheading.kt-adv-heading17_ab6843-c0[data-kb-block=\"kb-adv-heading17_ab6843-c0\"] mark.kt-highlight{font-style:normal;color:#f76a0c;-webkit-box-decoration-break:clone;box-decoration-break:clone;padding-top:0px;padding-right:0px;padding-bottom:0px;padding-left:0px;}.wp-block-kadence-advancedheading.kt-adv-heading17_ab6843-c0 img.kb-inline-image, .wp-block-kadence-advancedheading.kt-adv-heading17_ab6843-c0[data-kb-block=\"kb-adv-heading17_ab6843-c0\"] img.kb-inline-image{width:150px;vertical-align:baseline;}@media all and (max-width: 767px){.wp-block-kadence-advancedheading.kt-adv-heading17_ab6843-c0, .wp-block-kadence-advancedheading.kt-adv-heading17_ab6843-c0[data-kb-block=\"kb-adv-heading17_ab6843-c0\"]{margin-top:var(--global-kb-spacing-lg, 3rem);}}<\/style>\n<h2 class=\"kt-adv-heading17_ab6843-c0 wp-block-kadence-advancedheading has-theme-palette-9-color has-text-color\" data-kb-block=\"kb-adv-heading17_ab6843-c0\">FOR THE LOVE OF BOOKS<\/h2>\n\n\n\n<p class=\"has-text-align-center has-theme-palette-9-color has-text-color has-link-color wp-elements-0dd2228518fd2739185da3c27e5d25c7\"><em>about us and our mission<\/em><\/p>\n\n\n\n<figure class=\"wp-block-image size-large animated fadeInLeft o-anim-offset-100px\"><img decoding=\"async\" src=\"https:\/\/antykwariat-polski.pl\/wp-content\/uploads\/2026\/02\/MiKAP-1024x554.png\" alt=\"\" class=\"wp-image-90\"\/><\/figure>\n<\/div><\/div>\n\n\n<style>.kadence-column17_82644a-1a > .kt-inside-inner-col,.kadence-column17_82644a-1a > .kt-inside-inner-col:before{border-top-left-radius:0px;border-top-right-radius:0px;border-bottom-right-radius:0px;border-bottom-left-radius:0px;}.kadence-column17_82644a-1a > .kt-inside-inner-col{column-gap:var(--global-kb-gap-sm, 1rem);}.kadence-column17_82644a-1a > .kt-inside-inner-col{flex-direction:column;}.kadence-column17_82644a-1a > .kt-inside-inner-col > .aligncenter{width:100%;}.kadence-column17_82644a-1a > .kt-inside-inner-col:before{opacity:0.3;}.kadence-column17_82644a-1a{position:relative;}@media all and (max-width: 1024px){.kadence-column17_82644a-1a > .kt-inside-inner-col{flex-direction:column;justify-content:center;}}@media all and (max-width: 767px){.kadence-column17_82644a-1a > .kt-inside-inner-col{flex-direction:column;justify-content:center;}}<\/style>\n<div class=\"wp-block-kadence-column kadence-column17_82644a-1a\"><div class=\"kt-inside-inner-col\"><style>.wp-block-kadence-advancedheading.kt-adv-heading17_c24cfc-53, .wp-block-kadence-advancedheading.kt-adv-heading17_c24cfc-53[data-kb-block=\"kb-adv-heading17_c24cfc-53\"]{margin-top:var(--global-kb-spacing-sm, 1.5rem);margin-right:var(--global-kb-spacing-md, 2rem);margin-bottom:var(--global-kb-spacing-sm, 1.5rem);margin-left:var(--global-kb-spacing-md, 2rem);font-size:var(--global-kb-font-size-sm, 0.9rem);font-style:normal;text-transform:uppercase;color:#ffffff;}.wp-block-kadence-advancedheading.kt-adv-heading17_c24cfc-53 mark.kt-highlight, .wp-block-kadence-advancedheading.kt-adv-heading17_c24cfc-53[data-kb-block=\"kb-adv-heading17_c24cfc-53\"] mark.kt-highlight{font-style:normal;color:#f76a0c;-webkit-box-decoration-break:clone;box-decoration-break:clone;padding-top:0px;padding-right:0px;padding-bottom:0px;padding-left:0px;}.wp-block-kadence-advancedheading.kt-adv-heading17_c24cfc-53 img.kb-inline-image, .wp-block-kadence-advancedheading.kt-adv-heading17_c24cfc-53[data-kb-block=\"kb-adv-heading17_c24cfc-53\"] img.kb-inline-image{width:150px;vertical-align:baseline;}<\/style>\n<h2 class=\"kt-adv-heading17_c24cfc-53 wp-block-kadence-advancedheading\" data-kb-block=\"kb-adv-heading17_c24cfc-53\">Antykwariat Polski is a bookbinding and conservation atelier, combining antiquarian activity with craftsmanship of the highest order. We specialize in working with books &#8211; their protection, elaboration and restoration to their original character. <br\/><br\/>We form a team of collectors, bookbinders and conservators, working exclusively with natural materials and traditional techniques. As a result, we provide the highest level of aesthetics and durability.   <br\/><br\/>We offer professional restoration and conservation of books and noble binding of antique and contemporary volumes. Complementing our activities is the design of decorative books and library installations, custom-made for private and commercial interiors. We have one of the largest private library collections in Poland. Our mission is to preserve and pass on the heritage of the book to the next generation.   <br\/><br\/><br\/><strong>Melania Bogiel &amp; Kamil Safulak<\/strong><\/h2>\n\n\n\n<p><\/p>\n\n\n\n<p><\/p>\n\n\n\n<p><\/p>\n\n\n\n<p><\/p>\n<\/div><\/div>\n\n<\/div><\/div><style>.kb-row-layout-id17_a3607b-ef > .kt-row-column-wrap{align-content:start;}:where(.kb-row-layout-id17_a3607b-ef > .kt-row-column-wrap) > .wp-block-kadence-column{justify-content:start;}.kb-row-layout-id17_a3607b-ef > .kt-row-column-wrap{column-gap:var(--global-kb-gap-md, 2rem);row-gap:var(--global-kb-gap-md, 2rem);padding-top:var(--global-kb-spacing-sm, 1.5rem);grid-template-columns:minmax(0, 1fr);}.kb-row-layout-id17_a3607b-ef > .kt-row-layout-overlay{opacity:0.30;}@media all and (max-width: 1024px){.kb-row-layout-id17_a3607b-ef > .kt-row-column-wrap{grid-template-columns:minmax(0, 1fr);}}@media all and (max-width: 767px){.kb-row-layout-id17_a3607b-ef > .kt-row-column-wrap{grid-template-columns:minmax(0, 1fr);}}<\/style><div class=\"kb-row-layout-wrap kb-row-layout-id17_a3607b-ef alignnone wp-block-kadence-rowlayout\"><div class=\"kt-row-column-wrap kt-has-1-columns kt-row-layout-equal kt-tab-layout-inherit kt-mobile-layout-row kt-row-valign-top\">\n<style>.kadence-column17_ba38c8-6e > .kt-inside-inner-col{padding-right:var(--global-kb-spacing-xl, 4rem);padding-bottom:var(--global-kb-spacing-xl, 4rem);padding-left:var(--global-kb-spacing-xl, 4rem);}.kadence-column17_ba38c8-6e > .kt-inside-inner-col,.kadence-column17_ba38c8-6e > .kt-inside-inner-col:before{border-top-left-radius:0px;border-top-right-radius:0px;border-bottom-right-radius:0px;border-bottom-left-radius:0px;}.kadence-column17_ba38c8-6e > .kt-inside-inner-col{column-gap:var(--global-kb-gap-sm, 1rem);}.kadence-column17_ba38c8-6e > .kt-inside-inner-col{flex-direction:column;}.kadence-column17_ba38c8-6e > .kt-inside-inner-col > .aligncenter{width:100%;}.kadence-column17_ba38c8-6e > .kt-inside-inner-col:before{opacity:0.3;}.kadence-column17_ba38c8-6e{position:relative;}@media all and (max-width: 1024px){.kadence-column17_ba38c8-6e > .kt-inside-inner-col{flex-direction:column;justify-content:center;}}@media all and (max-width: 767px){.kadence-column17_ba38c8-6e > .kt-inside-inner-col{flex-direction:column;justify-content:center;}}<\/style>\n<div class=\"wp-block-kadence-column kadence-column17_ba38c8-6e\"><div class=\"kt-inside-inner-col\">\n<figure class=\"wp-block-embed is-type-video is-provider-youtube wp-block-embed-youtube wp-embed-aspect-16-9 wp-has-aspect-ratio\"><div class=\"wp-block-embed__wrapper\">\n<iframe loading=\"lazy\" title=\"Ka\u017cda ksi\u0105\u017cka opowiada histori\u0119 - tak samo jak jej rzemios\u0142o. ANTYKWARIAT POLSKI\" width=\"720\" height=\"405\" src=\"https:\/\/www.youtube.com\/embed\/iWdHYn9TZyI?feature=oembed\" frameborder=\"0\" allow=\"accelerometer; autoplay; clipboard-write; encrypted-media; gyroscope; picture-in-picture; web-share\" referrerpolicy=\"strict-origin-when-cross-origin\" allowfullscreen><\/iframe>\n<\/div><\/figure>\n<\/div><\/div>\n\n<\/div><\/div><style>.kb-row-layout-id17_bd13c5-23 > .kt-row-column-wrap{align-content:start;}:where(.kb-row-layout-id17_bd13c5-23 > .kt-row-column-wrap) > .wp-block-kadence-column{justify-content:start;}.kb-row-layout-id17_bd13c5-23 > .kt-row-column-wrap{column-gap:var(--global-kb-gap-md, 2rem);row-gap:var(--global-kb-gap-md, 2rem);padding-top:var(--global-kb-spacing-sm, 1.5rem);padding-bottom:var(--global-kb-spacing-sm, 1.5rem);grid-template-columns:minmax(0, 1fr);}.kb-row-layout-id17_bd13c5-23 > .kt-row-layout-overlay{opacity:0.30;}@media all and (max-width: 1024px){.kb-row-layout-id17_bd13c5-23 > .kt-row-column-wrap{grid-template-columns:minmax(0, 1fr);}}@media all and (max-width: 767px){.kb-row-layout-id17_bd13c5-23 > .kt-row-column-wrap{grid-template-columns:minmax(0, 1fr);}}<\/style><div class=\"kb-row-layout-wrap kb-row-layout-id17_bd13c5-23 alignnone wp-block-kadence-rowlayout\"><div class=\"kt-row-column-wrap kt-has-1-columns kt-row-layout-equal kt-tab-layout-inherit kt-mobile-layout-row kt-row-valign-top\">\n<style>.kadence-column17_cd57c0-9e > .kt-inside-inner-col,.kadence-column17_cd57c0-9e > .kt-inside-inner-col:before{border-top-left-radius:0px;border-top-right-radius:0px;border-bottom-right-radius:0px;border-bottom-left-radius:0px;}.kadence-column17_cd57c0-9e > .kt-inside-inner-col{column-gap:var(--global-kb-gap-sm, 1rem);}.kadence-column17_cd57c0-9e > .kt-inside-inner-col{flex-direction:column;}.kadence-column17_cd57c0-9e > .kt-inside-inner-col > .aligncenter{width:100%;}.kadence-column17_cd57c0-9e > .kt-inside-inner-col:before{opacity:0.3;}.kadence-column17_cd57c0-9e{position:relative;}@media all and (max-width: 1024px){.kadence-column17_cd57c0-9e > .kt-inside-inner-col{flex-direction:column;justify-content:center;}}@media all and (max-width: 767px){.kadence-column17_cd57c0-9e > .kt-inside-inner-col{flex-direction:column;justify-content:center;}}<\/style>\n<div class=\"wp-block-kadence-column kadence-column17_cd57c0-9e\"><div class=\"kt-inside-inner-col\"><\/div><\/div>\n\n<\/div><\/div>\n<p><\/p>\n","protected":false},"excerpt":{"rendered":"<p>FOR THE LOVE OF BOOKS about us and our mission Antykwariat Polski is a bookbinding and conservation atelier, combining antiquarian activity with craftsmanship of the highest order. We specialize in working with books &#8211; their protection, elaboration and restoration to their original character. We form a team of collectors, bookbinders and conservators, working exclusively with&#8230;<\/p>\n","protected":false},"author":15,"featured_media":0,"parent":0,"menu_order":0,"comment_status":"closed","ping_status":"closed","template":"","meta":{"_kadence_starter_templates_imported_post":false,"_kad_post_transparent":"","_kad_post_title":"","_kad_post_layout":"","_kad_post_sidebar_id":"","_kad_post_content_style":"","_kad_post_vertical_padding":"","_kad_post_feature":"","_kad_post_feature_position":"","_kad_post_header":false,"_kad_post_footer":false,"_kad_post_classname":"","footnotes":""},"class_list":["post-33287","page","type-page","status-publish","hentry"],"_links":{"self":[{"href":"https:\/\/antykwariat-polski.pl\/en\/wp-json\/wp\/v2\/pages\/33287","targetHints":{"allow":["GET"]}}],"collection":[{"href":"https:\/\/antykwariat-polski.pl\/en\/wp-json\/wp\/v2\/pages"}],"about":[{"href":"https:\/\/antykwariat-polski.pl\/en\/wp-json\/wp\/v2\/types\/page"}],"author":[{"embeddable":true,"href":"https:\/\/antykwariat-polski.pl\/en\/wp-json\/wp\/v2\/users\/15"}],"replies":[{"embeddable":true,"href":"https:\/\/antykwariat-polski.pl\/en\/wp-json\/wp\/v2\/comments?post=33287"}],"version-history":[{"count":7,"href":"https:\/\/antykwariat-polski.pl\/en\/wp-json\/wp\/v2\/pages\/33287\/revisions"}],"predecessor-version":[{"id":34941,"href":"https:\/\/antykwariat-polski.pl\/en\/wp-json\/wp\/v2\/pages\/33287\/revisions\/34941"}],"wp:attachment":[{"href":"https:\/\/antykwariat-polski.pl\/en\/wp-json\/wp\/v2\/media?parent=33287"}],"curies":[{"name":"wp","href":"https:\/\/api.w.org\/{rel}","templated":true}]}}